{"id":43,"date":"2023-02-21T13:58:09","date_gmt":"2023-02-21T13:58:09","guid":{"rendered":"https:\/\/larga.md\/?page_id=43"},"modified":"2025-10-02T07:18:25","modified_gmt":"2025-10-02T07:18:25","slug":"deciziile-consiliului","status":"publish","type":"page","link":"https:\/\/larga.md\/index.php\/deciziile-consiliului\/","title":{"rendered":"Deciziile consiliului"},"content":{"rendered":"<p>&nbsp;<\/p>\n<h1>\u00a0 2025<\/h1>\n<ul>\n<li><a href=\"https:\/\/larga.md\/wp-content\/uploads\/2025\/10\/consilul-9.pdf\">consilul 9 din 18.09.2025<\/a> (decizii 1-14)<\/li>\n<li><span style=\"color: #333399;\"><a style=\"color: #333399;\" href=\"https:\/\/larga.md\/wp-content\/uploads\/2025\/07\/consiliu-8-ajutor-modificat.pdf\">consiliu 8 din 10.07.2025 decizii (19-26)<\/a><br \/>\n<a style=\"color: #333399;\" href=\"https:\/\/larga.md\/wp-content\/uploads\/2025\/07\/consiliu-8.pdf\">consiliu 8 din 10.07.2025<\/a><a style=\"color: #333399;\" href=\"https:\/\/larga.md\/wp-content\/uploads\/2025\/07\/consiliu-8.pdf\"> (1-18)<\/a><br \/>\n<\/span><\/li>\n<li><span style=\"color: #333399;\"><a style=\"color: #333399;\" href=\"https:\/\/larga.md\/wp-content\/uploads\/2025\/07\/decizii-7-1.pdf\">consiliu 7 din 13.06.2025 (1-4)<\/a><br \/>\n<\/span><\/li>\n<li><span style=\"color: #333399;\"><a style=\"color: #333399;\" href=\"https:\/\/larga.md\/wp-content\/uploads\/2025\/07\/consiliu-6.pdf\">Consiliul 6 din 07.05.2025<\/a><a style=\"color: #333399;\" href=\"https:\/\/larga.md\/wp-content\/uploads\/2025\/07\/consiliu-6.pdf\"> (1-9)<\/a><\/span><strong><br \/>\n<\/strong><\/li>\n<li><a href=\"https:\/\/larga.md\/wp-content\/uploads\/2025\/07\/Consiliul-5-1.pdf\">Consiliul 5\/1 din <span style=\"color: #333399;\">17.04.2025<\/span> (1-21)<\/a><\/li>\n<li><span style=\"color: #000080;\"><a style=\"color: #000080;\" href=\"https:\/\/larga.md\/wp-content\/uploads\/2025\/04\/consiliul-4-din-20.03.2025-1-8.pdf\">consiliul 4 din 20.03.2025 (1-8)<\/a><br \/>\n<\/span><\/li>\n<li><span style=\"color: #000080;\"><a style=\"color: #000080;\" href=\"https:\/\/larga.md\/wp-content\/uploads\/2025\/04\/consiliul-3-din-14.03.2025-22-23.pdf\">consiliul 3 din 14.03.2025 (22-23)<\/a><\/span><\/li>\n<li><span style=\"color: #000080;\"><a style=\"color: #000080;\" href=\"https:\/\/larga.md\/wp-content\/uploads\/2025\/04\/consiliul-3-din-14.03.2025-1-21.pdf\">consiliul 3 din 14.03.2025 (1-21)<\/a><\/span><\/li>\n<li><span style=\"color: #000080;\"><a style=\"color: #000080;\" href=\"https:\/\/larga.md\/wp-content\/uploads\/2025\/04\/consiliul-2-din-13.02.2025-1-21.pdf\">consiliul 2 din 13.02.2025 (1-21)<\/a><\/span><\/li>\n<li><span style=\"color: #000080;\"><span style=\"color: #000080;\"><a style=\"color: #000080;\" href=\"https:\/\/larga.md\/wp-content\/uploads\/2025\/02\/consiliul-1-din-13.01.2025-1-11.pdf\">consiliul 1 din 13.01.2025 (1-11)<\/a><\/span><\/span><\/li>\n<li>\n<h1><strong><span style=\"color: #000000;\">2024<\/span><\/strong><\/h1>\n<\/li>\n<li><span style=\"color: #000080;\"><a style=\"color: #000080;\" href=\"https:\/\/larga.md\/wp-content\/uploads\/2024\/12\/8-1_compressed.pdf\">consiliul 8 din 18.12.2024 decizia\u00a0 1_<\/a><\/span><\/li>\n<li><span style=\"color: #000080;\"><a style=\"color: #000080;\" href=\"https:\/\/larga.md\/wp-content\/uploads\/2024\/12\/consiliul-7-din-13.12.2024-decizii-19-29.pdf\">consiliul 7 din 13.12.2024 decizii (19-29)<\/a><\/span><\/li>\n<li><span style=\"color: #000080;\"><a style=\"color: #000080;\" href=\"https:\/\/larga.md\/wp-content\/uploads\/2024\/12\/consiliul-7-din-13.12.2024-decizii-1-18.pdf\">consiliul 7 din 13.12.2024 decizii (1-18)<\/a><\/span><\/li>\n<li><span style=\"color: #000080;\"><a style=\"color: #000080;\" href=\"https:\/\/larga.md\/wp-content\/uploads\/2024\/12\/Consiliul-6-din-31.10.2024-decizii-1-18.pdf\">Consiliul 6 din 31.10.2024 decizii (1-18)<\/a><\/span><\/li>\n<li><span style=\"color: #000080;\"><a style=\"color: #000080;\" href=\"https:\/\/larga.md\/wp-content\/uploads\/2024\/10\/consiliul-5-din-27.09.2024-decizii-1-13.pdf\">consiliul 5 din 27.09.2024 decizii (1-13)<\/a><\/span><\/li>\n<li><span style=\"color: #000080;\"><a style=\"color: #000080;\" href=\"https:\/\/larga.md\/wp-content\/uploads\/2024\/10\/consiliul-4-din-22.08.2024-extraordinar-decizii-1-8.pdf\">consiliul 4 din 22.08.2024 (extraordinar) decizii (1-8)<\/a><\/span><\/li>\n<li><span style=\"color: #000080;\"><a style=\"color: #000080;\" href=\"https:\/\/larga.md\/wp-content\/uploads\/2024\/10\/consiliul-3-din-24.07.2024-extraordinar-decizii-1-7.pdf\">consiliul 3 din 24.07.2024 (extraordinar) decizii (1-7)<\/a><\/span><\/li>\n<li><span style=\"color: #000080;\"><a style=\"color: #000080;\" href=\"https:\/\/larga.md\/wp-content\/uploads\/2024\/10\/consiliul-2-din-03.07.2024-decizii-22-39.pdf\">consiliul 2 din 03.07.2024 decizii (22-39)<\/a><\/span><\/li>\n<li><span style=\"color: #000080;\"><a style=\"color: #000080;\" href=\"https:\/\/larga.md\/wp-content\/uploads\/2024\/10\/consiliul-2-din-03.07.2024-decizii-1-21.pdf\">consiliul 2 din 03.07.2024 decizii (1-21)<\/a><\/span><\/li>\n<li><span style=\"color: #000080;\"><a style=\"color: #000080;\" href=\"https:\/\/larga.md\/wp-content\/uploads\/2024\/10\/decizia-2-1-din-25.03.2024-consiliul-de-indataCu-privire-la-inregistrarea-unui-bun-imobil-prorietate-publica.pdf\">decizia 2 1 din 25.03.2024 (consiliul de \u00eendat\u0103)Cu privire la \u00eenregistrarea unui bun imobil prorietate public\u0103<\/a><\/span><\/li>\n<li><span style=\"color: #000080;\"><a style=\"color: #000080;\" href=\"https:\/\/larga.md\/wp-content\/uploads\/2024\/10\/consiliul-1-din-29.03.2024-decizii-22-35.pdf\">consiliul 1 din 29.03.2024 decizii (22-35)<\/a><\/span><\/li>\n<li><span style=\"color: #000080;\"><a style=\"color: #000080;\" href=\"https:\/\/larga.md\/wp-content\/uploads\/2024\/10\/consiliul-1-din-29.03.2024-decizii-1-21.pdf\">consiliul 1 din 29.03.2024 decizii (1-21)<\/a><\/span><\/li>\n<li>\n<h1><strong><span style=\"color: #000000;\">2023<\/span><\/strong><\/h1>\n<\/li>\n<li><span style=\"color: #000080;\"><a style=\"color: #000080;\" href=\"https:\/\/larga.md\/wp-content\/uploads\/2024\/01\/decizia-3-22-din-20.12.2023-Cu-privire-la-sistarea-gradinitei-Albinuta.pdf\">decizia 3 22 din 20.12.2023 ,,Cu privire la sistarea gr\u0103dini\u021bei Albinu\u021ba&#8221;<\/a><\/span><\/li>\n<li><span style=\"color: #000080;\"><a style=\"color: #000080;\" href=\"https:\/\/larga.md\/wp-content\/uploads\/2024\/01\/consiliul-3-din-20.12.20231-21.pdf\">consiliul 3 din 20.12.2023(1-21)<\/a><\/span><\/li>\n<li><span style=\"color: #000080;\"><a style=\"color: #000080;\" href=\"https:\/\/larga.md\/wp-content\/uploads\/2023\/12\/consiliul-2-din-28.11.202322-27.pdf\">consiliul 2 din 28.11.2023(22-27)<\/a><\/span><\/li>\n<li><span style=\"color: #000080;\"><a style=\"color: #000080;\" href=\"https:\/\/larga.md\/wp-content\/uploads\/2023\/12\/consiliul-2-din-28.11.20231-21.pdf\">consiliul 2 din 28.11.2023(1-21)<\/a><\/span><\/li>\n<li><span style=\"color: #000080;\"><a style=\"color: #000080;\" href=\"https:\/\/larga.md\/wp-content\/uploads\/2023\/11\/Deciziile-Consiliului-Sedinta-nr.-1-din-20.11.2023.pdf\">Deciziile Consiliului \u0218edin\u021ba nr. 1 din 20.11.2023<\/a><\/span><\/li>\n<li><span style=\"color: #000080;\"><a style=\"color: #000080;\" href=\"https:\/\/larga.md\/wp-content\/uploads\/2023\/11\/Deciziile-consiliului-Sedinta-nr.-6-din-30.08.2023.pdf\">Deciziile consiliului \u0218edin\u021ba nr. 6 din 30.08.2023<\/a><\/span><\/li>\n<li><span style=\"color: #000080;\"><a style=\"color: #000080;\" href=\"https:\/\/larga.md\/wp-content\/uploads\/2023\/08\/Deciziile-consiliului-comunal-Larga-nr.-5-din-01.08.202314-23.pdf\">Deciziile consiliului \u0219edin\u021ba nr. 5 din 01.08.2023(14-23)<\/a><\/span><\/li>\n<li><span style=\"color: #000080;\"><a style=\"color: #000080;\" href=\"https:\/\/larga.md\/wp-content\/uploads\/2023\/08\/Deciziile-consiliului-comunal-Larga-nr.-5-din-01.08.20231-13.pdf\">Deciziile consiliului \u0219edin\u021ba nr. 5 din 01.08.2023(1-13)<\/a><\/span><\/li>\n<li><span style=\"color: #000080;\"><a style=\"color: #000080;\" href=\"https:\/\/larga.md\/wp-content\/uploads\/2023\/06\/Deciziile-consiliului-sedinta-nr.-4-din-26.05.2023.pdf\">Deciziile consiliului \u0219edin\u021ba nr. 4 din 26.05.2023<\/a><\/span><\/li>\n<li><span style=\"color: #000080;\"><a style=\"color: #000080;\" href=\"https:\/\/larga.md\/wp-content\/uploads\/2023\/05\/Deciziile-Consiliului-sedinta-nr.-3-din-25.05.2023-decizii-22-33.pdf\">Deciziile Consiliului \u0219edin\u021ba nr. 3 din 25.04.2023;\u00a0 22-33<\/a><\/span><\/li>\n<li><span style=\"color: #000080;\"><a style=\"color: #000080;\" href=\"https:\/\/larga.md\/wp-content\/uploads\/2023\/05\/Deciziile-Consiliului-sedinta-nr.-3-din-25.05.2023-1-21.pdf\">Deciziile Consiliului \u0219edin\u021ba nr. 3 din 25.04.2023; 1-21<\/a><\/span><\/li>\n<li><span style=\"color: #000080;\"><a style=\"color: #000080;\" href=\"https:\/\/larga.md\/wp-content\/uploads\/2023\/03\/2-1-9-files-merged.pdf\">Deciziile consiliului \u0219edin\u021ba nr. 02 din 17.02.2023.<\/a><\/span><\/li>\n<li><span style=\"color: #000080;\"><a style=\"color: #000080;\" href=\"https:\/\/larga.md\/wp-content\/uploads\/2023\/03\/Deciziile-consiliului-nr.-01-din-27.01.2023.pdf\">Deciziile consiliului \u0219edin\u021ba nr. 01 din 27.01.2023<\/a><\/span><\/li>\n<\/ul>\n","protected":false},"excerpt":{"rendered":"<p>&nbsp; \u00a0 2025 consilul 9 din 18.09.2025 (decizii 1-14) consiliu 8 din 10.07.2025 decizii (19-26) consiliu [&hellip;]<\/p>\n","protected":false},"author":1,"featured_media":0,"parent":0,"menu_order":0,"comment_status":"closed","ping_status":"closed","template":"","meta":{"footnotes":""},"class_list":{"1":"page"},"_links":{"self":[{"href":"https:\/\/larga.md\/index.php\/wp-json\/wp\/v2\/pages\/43","targetHints":{"allow":["GET"]}}],"collection":[{"href":"https:\/\/larga.md\/index.php\/wp-json\/wp\/v2\/pages"}],"about":[{"href":"https:\/\/larga.md\/index.php\/wp-json\/wp\/v2\/types\/page"}],"author":[{"embeddable":true,"href":"https:\/\/larga.md\/index.php\/wp-json\/wp\/v2\/users\/1"}],"replies":[{"embeddable":true,"href":"https:\/\/larga.md\/index.php\/wp-json\/wp\/v2\/comments?post=43"}],"version-history":[{"count":34,"href":"https:\/\/larga.md\/index.php\/wp-json\/wp\/v2\/pages\/43\/revisions"}],"predecessor-version":[{"id":1472,"href":"https:\/\/larga.md\/index.php\/wp-json\/wp\/v2\/pages\/43\/revisions\/1472"}],"wp:attachment":[{"href":"https:\/\/larga.md\/index.php\/wp-json\/wp\/v2\/media?parent=43"}],"curies":[{"name":"wp","href":"https:\/\/api.w.org\/{rel}","templated":true}]}}