{"id":21,"date":"2023-02-21T13:55:27","date_gmt":"2023-02-21T13:55:27","guid":{"rendered":"https:\/\/larga.md\/?page_id=21"},"modified":"2024-01-26T09:55:23","modified_gmt":"2024-01-26T09:55:23","slug":"istoria-localitatii","status":"publish","type":"page","link":"https:\/\/larga.md\/index.php\/istoria-localitatii\/","title":{"rendered":"Istoria localit\u0103\u021bii"},"content":{"rendered":"<p><strong>Scurt istoric<\/strong><\/p>\n<p>Larga, este unul din cele trei sate de la ob\u00eer\u015fia Medvejei, atestat pentru prima dat\u0103 \u00een ziua de <strong>19 iunie 1429<\/strong> \u00eentr-un document de danie din partea domnitorului \u0162\u0103rii Moldovei Alexandru cel Bun \u00eent\u0103rit lui Dan Uncleata.<\/p>\n<p>\u00cen documentele domniei care se scrieau \u00een limba slavon\u0103, era numit \u0162icoteni, iar b\u0103\u015ftina\u015fii \u00eel cuno\u015fteau sub denumirea de \u015eipoteni de pe mo\u015fia Larga, unde era \u015etefan V\u0103t\u0103man. Ca dovad\u0103 a existen\u0163ei seli\u015ftei \u0162icoteni ne-o aduce sluga domneasc\u0103 Toma din \u0162icoteni prin anii 1597-1611, unde ap\u0103rea ca martor \u00een satul Babin din acela\u015f \u0163inut Hotin.<\/p>\n<p>Din 1739 exist\u0103 sub denumirea curent\u0103 \u00eemprumutat\u0103 de la r\u00eeul Larga, confirmat\u0103 printr-un document care atest\u0103 prezen\u0163a \u00een luna august a redultelor l\u00eeng\u0103 satul Larga a armatelor ruse\u015fti, conduse de generalul &#8211; feldmare\u015falul Minih, de unde a pornit mai apoi s\u0103 cucereasc\u0103 Ia\u015ful.<\/p>\n<p>&nbsp;<\/p>\n<p><strong>Biserica<\/strong><\/p>\n<p>Din surse istorice afl\u0103m, c\u0103 \u00een anul 1892 mo\u015fierul Crupenschi, fiind membru Dumei Rusiei, a invitat arhitectul Ovceacov din Rusia, dup\u0103 proiectul \u015fi sub conducerea c\u0103ruia \u00een Larga a fost \u00eenceput\u0103 construc\u0163ia sf\u00eentului l\u0103ca\u015f. \u00cen 1895 s-a pus prima piatr\u0103 \u00een temelia acestei biserici.<\/p>\n<p>Timp de cinci ani locuitorii b\u0103\u015ftina\u015fi \u00eempreun\u0103 cu Ovceacov au ridicat pe acele timpuri edificiul fundamental. Lemnul era adus cu caii din Carpa\u0163i, \u00een sat era prelucrat \u015fi cu ajutorul mijloacelor disponibile ridicau pere\u0163ii \u015fi instalau cupolele. De o valoare inestimabil\u0103 sunt \u015fi picturile murale. E greu de apreciat valoarea acestei munci, dar, lu\u00eend \u00een considera\u0163ie faptul c\u0103 aceast\u0103 biseric\u0103 st\u0103 al doilea secol, se poate de imaginat c\u00eet\u00e2 d\u0103ruire de sine \u015fi m\u0103iestrie au fost depuse. Iar dup\u0103 prima ceremonie divin\u0103, care a avut loc \u00een anul 1897, u\u015file ei nu s-au \u00eenchis niciodat\u0103 \u015fi acum stau deschise pentru enoria\u015fii din localitate \u015fi oaspe\u0163i. \u00cen partea din mijloc a hramului figura numele boierului Krupenschi, care a suportat \u00eentreaga cheltuial\u0103 pentru edificarea bisericii.<\/p>\n<p><strong>\u00a0Stema \u0219i Drapelul comunei Larga<\/strong><\/p>\n<p><strong>Ca urmare a examin\u0103rii demersului nr. 162 din 24 septembrie 2014 a Primarului de Larga, Radu Urechean privind expertizarea \u0219i avizarea \u00een vederea adopt\u0103rii \u0219i \u00eenregistr\u0103rii \u00een Armorialul General al RM a stemelor \u0219i drapelul comunei Larga (s. Larga, s. Pavlovca, c. Larga), raionul Briceni (autor Silviu Tabac, pictor Iurie Caminschii).<\/strong><\/p>\n<p><strong>Constat\u00eend \u00een \u0219edin\u021ba Comisiei Na\u021bionale de Heraldic\u0103 din 25 septembrie 2014, se avizeaz\u0103 aprobarea \u0219i \u00eenregistrarea simbolurilor publice teritoriale ale comunei Larga \u00een Armorialul General al Republicii Moldova:<\/strong><\/p>\n<p><strong><u>Drapelul comunei Larga<\/u><\/strong><strong>-o p\u00eenz\u0103 p\u0103trat\u0103 ro\u0219ie, cu un br\u00eeu alb, asuprit de o roz\u0103 de aceea\u0219i culoare \u0219i \u00eenc\u0103rcat cu dou\u0103 frunze de tei adosate, \u00een fascie, verzi<\/strong><\/p>\n<p><strong><u>Stema comunei Larga<\/u><\/strong><strong>-\u00een c\u00eemp ro\u0219u, un br\u00eeu de argint, asuprit de o roz\u0103 de acela\u0219i metal \u0219i \u00eenc\u0103rcat cu dou\u0103 frunze de tei adosate, \u00een fascie, verzi. <\/strong><strong>Scutul timbrat de o coroan\u0103 comunal\u0103 de codru.<\/strong><\/p>\n<p><strong><u>Drapelul satului Larga-<\/u><\/strong><strong><u>\u00a0<\/u><\/strong><strong>o p\u00eenz\u0103 p\u0103trat\u0103 ro\u0219ie, cu un pal alb, flancat sus de un pinten de aur \u00een treimea de la hamp\u0103 \u0219i de o roz\u0103 alb\u0103 \u00een treimea flotant\u0103 \u0219i \u00eenc\u0103rcat cu o carte \u00eenschis\u0103, albastr\u0103, dintre filele c\u0103reia ies \u00een sus \u0219i \u00een jos c\u00eete o frunz\u0103 verde de tei.<\/strong><\/p>\n<p><strong><u>Stema satului Larga<\/u><\/strong><strong>&#8211; \u00een c\u00eemp ro\u0219u, un pal de argint. flancat \u00een capului scutului de un pinten de aur \u00een cantonul dextru \u0219i de o roz\u0103 de argint \u00een acel senestru \u0219i \u00eenc\u0103rcat cu o carte \u00eenchis\u0103, albastr\u0103, dintre filele c\u0103reia ies \u00een sus \u0219i \u00een jos c\u00eete o frunz\u0103 verde de tei. <\/strong><strong>Scutul timbrat de o coroan\u0103 s\u0103teasc\u0103 de aur.<\/strong><\/p>\n<p><strong><u>Drapelul satului Pavlovca<\/u><\/strong><strong>-o p\u00eenz\u0103 p\u0103trat\u0103 verde, purt\u00eend \u00een mijloc un conac cu foi\u0219or central, galben, asuprit de o roz\u0103 alb\u0103<\/strong><\/p>\n<p><strong><u>Stema satului Pavlovca<\/u><\/strong><strong>-un c\u00eemp ro\u0219u, un br\u00eeu de argint, asuprit de o roz\u0103 de metal \u0219i \u00eenc\u0103rcat cu dou\u0103 frunze de tei adosate, \u00een fascie, verzi. <\/strong><strong>Scutul timbrat de o coroan\u0103 comunal\u0103 de codru<\/strong><\/p>\n","protected":false},"excerpt":{"rendered":"<p>Scurt istoric Larga, este unul din cele trei sate de la ob\u00eer\u015fia Medvejei, atestat pentru prima [&hellip;]<\/p>\n","protected":false},"author":1,"featured_media":0,"parent":0,"menu_order":0,"comment_status":"closed","ping_status":"closed","template":"","meta":{"footnotes":""},"class_list":{"1":"page"},"_links":{"self":[{"href":"https:\/\/larga.md\/index.php\/wp-json\/wp\/v2\/pages\/21","targetHints":{"allow":["GET"]}}],"collection":[{"href":"https:\/\/larga.md\/index.php\/wp-json\/wp\/v2\/pages"}],"about":[{"href":"https:\/\/larga.md\/index.php\/wp-json\/wp\/v2\/types\/page"}],"author":[{"embeddable":true,"href":"https:\/\/larga.md\/index.php\/wp-json\/wp\/v2\/users\/1"}],"replies":[{"embeddable":true,"href":"https:\/\/larga.md\/index.php\/wp-json\/wp\/v2\/comments?post=21"}],"version-history":[{"count":4,"href":"https:\/\/larga.md\/index.php\/wp-json\/wp\/v2\/pages\/21\/revisions"}],"predecessor-version":[{"id":692,"href":"https:\/\/larga.md\/index.php\/wp-json\/wp\/v2\/pages\/21\/revisions\/692"}],"wp:attachment":[{"href":"https:\/\/larga.md\/index.php\/wp-json\/wp\/v2\/media?parent=21"}],"curies":[{"name":"wp","href":"https:\/\/api.w.org\/{rel}","templated":true}]}}