{"id":18,"date":"2023-02-21T13:55:13","date_gmt":"2023-02-21T13:55:13","guid":{"rendered":"https:\/\/larga.md\/?page_id=18"},"modified":"2023-03-27T12:49:15","modified_gmt":"2023-03-27T12:49:15","slug":"asezarea-geografica","status":"publish","type":"page","link":"https:\/\/larga.md\/index.php\/asezarea-geografica\/","title":{"rendered":"A\u0219ezarea geografic\u0103"},"content":{"rendered":"<p>Comuna Larga este o localitate in <a href=\"https:\/\/localitati.casata.md\/index.php?l=ro&amp;action=viewraion&amp;id=1400\">Raionul Briceni <\/a>situata la latitudinea 48.3722 longitudinea 26.8433 si altitudinea de 210 metri fa\u021b\u0103 de nivelul m\u0103rii. Aceasta localitate este in administrarea <a href=\"https:\/\/localitati.casata.md\/index.php?l=ro&amp;action=viewlocalitate&amp;id=1401\">or. Briceni<\/a>. Conform recensamintului din anul 2004 populatia este de 5 062 locuitori. Distan\u021ba direct\u0103 p\u00eena \u00een or. Briceni este de 19 km. Distan\u021ba direct\u0103 p\u00eena \u00een or. Chi\u015fin\u0103u este de 256 km.<\/p>\n<p>3 km &#8211; distan\u021ba direct\u0103 p\u00een\u0103 la\u00a0<a href=\"https:\/\/localitati.casata.md\/index.php?l=ro&amp;action=viewlocalitate&amp;id=1434\">Satul Pavlovca<\/a>\u00a0din\u00a0<a href=\"https:\/\/localitati.casata.md\/index.php?l=ro&amp;action=viewraion&amp;id=1400\">Raionul Briceni<\/a><br \/>\n4 km &#8211; distan\u021ba direct\u0103 p\u00een\u0103 la\u00a0<a href=\"https:\/\/localitati.casata.md\/index.php?l=ro&amp;action=viewlocalitate&amp;id=1437\">Satul Medveja<\/a>\u00a0din\u00a0<a href=\"https:\/\/localitati.casata.md\/index.php?l=ro&amp;action=viewraion&amp;id=1400\">Raionul Briceni<\/a><br \/>\n5 km &#8211; distan\u021ba direct\u0103 p\u00een\u0103 la\u00a0<a href=\"https:\/\/localitati.casata.md\/index.php?l=ro&amp;action=viewlocalitate&amp;id=1423\">Satul Coteala<\/a>\u00a0din\u00a0<a href=\"https:\/\/localitati.casata.md\/index.php?l=ro&amp;action=viewraion&amp;id=1400\">Raionul Briceni<\/a><br \/>\n7 km &#8211; distan\u021ba direct\u0103 p\u00een\u0103 la\u00a0<a href=\"https:\/\/localitati.casata.md\/index.php?l=ro&amp;action=viewlocalitate&amp;id=1438\">Satul Slobozia-Medveja<\/a>\u00a0din\u00a0<a href=\"https:\/\/localitati.casata.md\/index.php?l=ro&amp;action=viewraion&amp;id=1400\">Raionul Briceni<\/a><br \/>\n8 km &#8211; distan\u021ba direct\u0103 p\u00een\u0103 la\u00a0<a href=\"https:\/\/localitati.casata.md\/index.php?l=ro&amp;action=viewlocalitate&amp;id=1424\">Satul Cotiujeni<\/a>\u00a0din\u00a0<a href=\"https:\/\/localitati.casata.md\/index.php?l=ro&amp;action=viewraion&amp;id=1400\">Raionul Briceni<\/a><br \/>\n9 km &#8211; distan\u021ba direct\u0103 p\u00een\u0103 la\u00a0<a href=\"https:\/\/localitati.casata.md\/index.php?l=ro&amp;action=viewlocalitate&amp;id=1432\">Satul Hlina<\/a>\u00a0din\u00a0<a href=\"https:\/\/localitati.casata.md\/index.php?l=ro&amp;action=viewraion&amp;id=1400\">Raionul Briceni<\/a><br \/>\n10 km &#8211; distan\u021ba direct\u0103 p\u00een\u0103 la\u00a0<a href=\"https:\/\/localitati.casata.md\/index.php?l=ro&amp;action=viewlocalitate&amp;id=1413\">Satul Berlin\u0163i<\/a>\u00a0din\u00a0<a href=\"https:\/\/localitati.casata.md\/index.php?l=ro&amp;action=viewraion&amp;id=1400\">Raionul Briceni<\/a><\/p>\n<p><img loading=\"lazy\" decoding=\"async\" class=\"wp-image-223 aligncenter\" src=\"https:\/\/larga.md\/wp-content\/uploads\/2023\/03\/harta-briceni-300x199.webp\" alt=\"harta-briceni\" width=\"701\" height=\"465\" srcset=\"https:\/\/larga.md\/wp-content\/uploads\/2023\/03\/harta-briceni-300x199.webp 300w, https:\/\/larga.md\/wp-content\/uploads\/2023\/03\/harta-briceni-768x509.webp 768w, https:\/\/larga.md\/wp-content\/uploads\/2023\/03\/harta-briceni-375x250.webp 375w, https:\/\/larga.md\/wp-content\/uploads\/2023\/03\/harta-briceni.webp 894w\" sizes=\"auto, (max-width: 701px) 100vw, 701px\" \/><\/p>\n","protected":false},"excerpt":{"rendered":"<p>Comuna Larga este o localitate in Raionul Briceni situata la latitudinea 48.3722 longitudinea 26.8433 si altitudinea [&hellip;]<\/p>\n","protected":false},"author":1,"featured_media":223,"parent":0,"menu_order":0,"comment_status":"closed","ping_status":"closed","template":"","meta":{"footnotes":""},"class_list":{"1":"page"},"_links":{"self":[{"href":"https:\/\/larga.md\/index.php\/wp-json\/wp\/v2\/pages\/18","targetHints":{"allow":["GET"]}}],"collection":[{"href":"https:\/\/larga.md\/index.php\/wp-json\/wp\/v2\/pages"}],"about":[{"href":"https:\/\/larga.md\/index.php\/wp-json\/wp\/v2\/types\/page"}],"author":[{"embeddable":true,"href":"https:\/\/larga.md\/index.php\/wp-json\/wp\/v2\/users\/1"}],"replies":[{"embeddable":true,"href":"https:\/\/larga.md\/index.php\/wp-json\/wp\/v2\/comments?post=18"}],"version-history":[{"count":12,"href":"https:\/\/larga.md\/index.php\/wp-json\/wp\/v2\/pages\/18\/revisions"}],"predecessor-version":[{"id":231,"href":"https:\/\/larga.md\/index.php\/wp-json\/wp\/v2\/pages\/18\/revisions\/231"}],"wp:featuredmedia":[{"embeddable":true,"href":"https:\/\/larga.md\/index.php\/wp-json\/wp\/v2\/media\/223"}],"wp:attachment":[{"href":"https:\/\/larga.md\/index.php\/wp-json\/wp\/v2\/media?parent=18"}],"curies":[{"name":"wp","href":"https:\/\/api.w.org\/{rel}","templated":true}]}}